{"id":101,"date":"2023-07-28T19:40:40","date_gmt":"2023-07-28T19:40:40","guid":{"rendered":"https:\/\/xn--keinwaldfrwind-osb.de\/?page_id=101"},"modified":"2023-07-31T19:54:19","modified_gmt":"2023-07-31T19:54:19","slug":"brandenburg","status":"publish","type":"page","link":"https:\/\/xn--keinwaldfrwind-osb.de\/?page_id=101","title":{"rendered":"Brandenburg"},"content":{"rendered":"\n<p>Im Falle von Walddrehna sagt bereits der Ortsname, wodurch die Ortschaft gepr\u00e4gt ist: Vom nahen und dicht zusammenh\u00e4ngenden Wald!<\/p>\n\n\n\n<p>Ein B\u00fcrgermeister k\u00e4mpft mit seinen B\u00fcrgern bei der erforderlichen G\u00fcterabw\u00e4gung daf\u00fcr, dass WALD nicht gering gesch\u00e4tzt wird, wenn \u20ac-Zeichen zuweilen den Blick verstellen.<\/p>\n\n\n\n<div data-wp-interactive=\"core\/file\" class=\"wp-block-file\"><object data-wp-bind--hidden=\"!state.hasPdfPreview\" hidden class=\"wp-block-file__embed\" data=\"https:\/\/xn--keinwaldfrwind-osb.de\/wp-content\/uploads\/2023\/07\/Walddrehna_Abwehr-von-WEA.pdf\" type=\"application\/pdf\" style=\"width:100%;height:600px\" aria-label=\"Einbettung von Walddrehna_Abwehr von WEA.\"><\/object><a id=\"wp-block-file--media-62f28dfa-26ed-478a-972b-d54c9f667e3d\" href=\"https:\/\/xn--keinwaldfrwind-osb.de\/wp-content\/uploads\/2023\/07\/Walddrehna_Abwehr-von-WEA.pdf\">Walddrehna_Abwehr von WEA<\/a><a href=\"https:\/\/xn--keinwaldfrwind-osb.de\/wp-content\/uploads\/2023\/07\/Walddrehna_Abwehr-von-WEA.pdf\" class=\"wp-block-file__button wp-element-button\" download aria-describedby=\"wp-block-file--media-62f28dfa-26ed-478a-972b-d54c9f667e3d\">Herunterladen<\/a><\/div>\n\n\n\n<div data-wp-interactive=\"core\/file\" class=\"wp-block-file\"><object data-wp-bind--hidden=\"!state.hasPdfPreview\" hidden class=\"wp-block-file__embed\" data=\"https:\/\/xn--keinwaldfrwind-osb.de\/wp-content\/uploads\/2023\/07\/luckau-2022-10-0513.pdf\" type=\"application\/pdf\" style=\"width:100%;height:600px\" aria-label=\"Einbettung von luckau-2022-10-05[13].\"><\/object><a id=\"wp-block-file--media-7c638b27-0099-4a47-ac27-d35e18612402\" href=\"https:\/\/xn--keinwaldfrwind-osb.de\/wp-content\/uploads\/2023\/07\/luckau-2022-10-0513.pdf\">luckau-2022-10-05[13]<\/a><a href=\"https:\/\/xn--keinwaldfrwind-osb.de\/wp-content\/uploads\/2023\/07\/luckau-2022-10-0513.pdf\" class=\"wp-block-file__button wp-element-button\" download aria-describedby=\"wp-block-file--media-7c638b27-0099-4a47-ac27-d35e18612402\">Herunterladen<\/a><\/div>\n\n\n\n<p>Windenergie-Anlagen brauchen Fl\u00e4che &#8211; Bergbaufolgelandschaften erscheinen hier besonders geeignet, um gerade gro\u00dfe Cluster umweltvertr\u00e4glich errichten zu k\u00f6nnen. Die LEAG hat sich anspruchsvolle Ziele gesetzt:<\/p>\n\n\n\n<div data-wp-interactive=\"core\/file\" class=\"wp-block-file\"><object data-wp-bind--hidden=\"!state.hasPdfPreview\" hidden class=\"wp-block-file__embed\" data=\"https:\/\/xn--keinwaldfrwind-osb.de\/wp-content\/uploads\/2023\/07\/lubbenau-2022-10-0122.pdf\" type=\"application\/pdf\" style=\"width:100%;height:600px\" aria-label=\"Einbettung von lubbenau-2022-10-01[22].\"><\/object><a id=\"wp-block-file--media-30c4e5ef-b218-4b05-a4e3-6a1e1d7368cf\" href=\"https:\/\/xn--keinwaldfrwind-osb.de\/wp-content\/uploads\/2023\/07\/lubbenau-2022-10-0122.pdf\">lubbenau-2022-10-01[22]<\/a><a href=\"https:\/\/xn--keinwaldfrwind-osb.de\/wp-content\/uploads\/2023\/07\/lubbenau-2022-10-0122.pdf\" class=\"wp-block-file__button wp-element-button\" download aria-describedby=\"wp-block-file--media-30c4e5ef-b218-4b05-a4e3-6a1e1d7368cf\">Herunterladen<\/a><\/div>\n\n\n\n<div data-wp-interactive=\"core\/file\" class=\"wp-block-file\"><object data-wp-bind--hidden=\"!state.hasPdfPreview\" hidden class=\"wp-block-file__embed\" data=\"https:\/\/xn--keinwaldfrwind-osb.de\/wp-content\/uploads\/2023\/07\/Reginonalplan-Wind-_-Ostbrandenburg.pdf\" type=\"application\/pdf\" style=\"width:100%;height:600px\" aria-label=\"Einbettung von Reginonalplan Wind _ Ostbrandenburg.\"><\/object><a id=\"wp-block-file--media-ec8ba999-19b7-4c85-8aab-854776904aa7\" href=\"https:\/\/xn--keinwaldfrwind-osb.de\/wp-content\/uploads\/2023\/07\/Reginonalplan-Wind-_-Ostbrandenburg.pdf\">Reginonalplan Wind _ Ostbrandenburg<\/a><a href=\"https:\/\/xn--keinwaldfrwind-osb.de\/wp-content\/uploads\/2023\/07\/Reginonalplan-Wind-_-Ostbrandenburg.pdf\" class=\"wp-block-file__button wp-element-button\" download aria-describedby=\"wp-block-file--media-ec8ba999-19b7-4c85-8aab-854776904aa7\">Herunterladen<\/a><\/div>\n","protected":false},"excerpt":{"rendered":"<p>Im Falle von Walddrehna sagt bereits der Ortsname, wodurch die Ortschaft gepr\u00e4gt ist: Vom nahen und dicht zusammenh\u00e4ngenden Wald! Ein B\u00fcrgermeister k\u00e4mpft mit seinen B\u00fcrgern bei der erforderlichen G\u00fcterabw\u00e4gung daf\u00fcr, dass WALD nicht gering gesch\u00e4tzt wird, wenn \u20ac-Zeichen zuweilen den Blick verstellen. Windenergie-Anlagen brauchen Fl\u00e4che &#8211; Bergbaufolgelandschaften erscheinen hier besonders geeignet, um gerade gro\u00dfe Cluster [&hellip;]<\/p>\n","protected":false},"author":4,"featured_media":0,"parent":0,"menu_order":0,"comment_status":"closed","ping_status":"closed","template":"","meta":{"footnotes":""},"class_list":["post-101","page","type-page","status-publish","hentry"],"_links":{"self":[{"href":"https:\/\/xn--keinwaldfrwind-osb.de\/index.php?rest_route=\/wp\/v2\/pages\/101","targetHints":{"allow":["GET"]}}],"collection":[{"href":"https:\/\/xn--keinwaldfrwind-osb.de\/index.php?rest_route=\/wp\/v2\/pages"}],"about":[{"href":"https:\/\/xn--keinwaldfrwind-osb.de\/index.php?rest_route=\/wp\/v2\/types\/page"}],"author":[{"embeddable":true,"href":"https:\/\/xn--keinwaldfrwind-osb.de\/index.php?rest_route=\/wp\/v2\/users\/4"}],"replies":[{"embeddable":true,"href":"https:\/\/xn--keinwaldfrwind-osb.de\/index.php?rest_route=%2Fwp%2Fv2%2Fcomments&post=101"}],"version-history":[{"count":5,"href":"https:\/\/xn--keinwaldfrwind-osb.de\/index.php?rest_route=\/wp\/v2\/pages\/101\/revisions"}],"predecessor-version":[{"id":177,"href":"https:\/\/xn--keinwaldfrwind-osb.de\/index.php?rest_route=\/wp\/v2\/pages\/101\/revisions\/177"}],"wp:attachment":[{"href":"https:\/\/xn--keinwaldfrwind-osb.de\/index.php?rest_route=%2Fwp%2Fv2%2Fmedia&parent=101"}],"curies":[{"name":"wp","href":"https:\/\/api.w.org\/{rel}","templated":true}]}}