{"id":114,"date":"2023-07-29T19:14:16","date_gmt":"2023-07-29T19:14:16","guid":{"rendered":"https:\/\/xn--keinwaldfrwind-osb.de\/?page_id=114"},"modified":"2025-02-18T17:37:07","modified_gmt":"2025-02-18T17:37:07","slug":"impressum","status":"publish","type":"page","link":"https:\/\/xn--keinwaldfrwind-osb.de\/?page_id=114","title":{"rendered":"Impressum"},"content":{"rendered":"\n<p>B\u00fcrgerinitiative f\u00fcr den Erhalt ortsnaher W\u00e4lder rund um Gollmitz und Settinchen<\/p>\n\n\n\n<p>Gebildet im Sommer 2021 &#8211; getragen von einer Mehrheit der in Gollmitz und Settinchen wahlberechtigten B\u00fcrger<\/p>\n\n\n\n<p><strong>V.&nbsp;i.&nbsp;S.&nbsp;d.&nbsp;P.<\/strong>:<\/p>\n\n\n\n<p>Hans Fischer<\/p>\n\n\n\n<p>Gollmitzer Dorfstr. 3 in 03205 Calau<\/p>\n\n\n\n<p>Sprecher der Initiative<\/p>\n\n\n\n<p>Nicht in einem Vereinsregister eingetragen<\/p>\n\n\n\n<p><\/p>\n","protected":false},"excerpt":{"rendered":"<p>B\u00fcrgerinitiative f\u00fcr den Erhalt ortsnaher W\u00e4lder rund um Gollmitz und Settinchen Gebildet im Sommer 2021 &#8211; getragen von einer Mehrheit der in Gollmitz und Settinchen wahlberechtigten B\u00fcrger V.&nbsp;i.&nbsp;S.&nbsp;d.&nbsp;P.: Hans Fischer Gollmitzer Dorfstr. 3 in 03205 Calau Sprecher der Initiative Nicht in einem Vereinsregister eingetragen<\/p>\n","protected":false},"author":4,"featured_media":0,"parent":0,"menu_order":0,"comment_status":"closed","ping_status":"closed","template":"","meta":{"footnotes":""},"class_list":["post-114","page","type-page","status-publish","hentry"],"_links":{"self":[{"href":"https:\/\/xn--keinwaldfrwind-osb.de\/index.php?rest_route=\/wp\/v2\/pages\/114","targetHints":{"allow":["GET"]}}],"collection":[{"href":"https:\/\/xn--keinwaldfrwind-osb.de\/index.php?rest_route=\/wp\/v2\/pages"}],"about":[{"href":"https:\/\/xn--keinwaldfrwind-osb.de\/index.php?rest_route=\/wp\/v2\/types\/page"}],"author":[{"embeddable":true,"href":"https:\/\/xn--keinwaldfrwind-osb.de\/index.php?rest_route=\/wp\/v2\/users\/4"}],"replies":[{"embeddable":true,"href":"https:\/\/xn--keinwaldfrwind-osb.de\/index.php?rest_route=%2Fwp%2Fv2%2Fcomments&post=114"}],"version-history":[{"count":3,"href":"https:\/\/xn--keinwaldfrwind-osb.de\/index.php?rest_route=\/wp\/v2\/pages\/114\/revisions"}],"predecessor-version":[{"id":302,"href":"https:\/\/xn--keinwaldfrwind-osb.de\/index.php?rest_route=\/wp\/v2\/pages\/114\/revisions\/302"}],"wp:attachment":[{"href":"https:\/\/xn--keinwaldfrwind-osb.de\/index.php?rest_route=%2Fwp%2Fv2%2Fmedia&parent=114"}],"curies":[{"name":"wp","href":"https:\/\/api.w.org\/{rel}","templated":true}]}}