{"id":116,"date":"2023-07-29T19:33:35","date_gmt":"2023-07-29T19:33:35","guid":{"rendered":"https:\/\/xn--keinwaldfrwind-osb.de\/?page_id=116"},"modified":"2023-08-06T12:50:47","modified_gmt":"2023-08-06T12:50:47","slug":"stellungnahmen","status":"publish","type":"page","link":"https:\/\/xn--keinwaldfrwind-osb.de\/?page_id=116","title":{"rendered":"Stellungnahmen"},"content":{"rendered":"\n<p>Von unterschiedlichen Projektanten werden Windparks &#8211; sowohl neue als auch Erweiterungen bestehender Windparks &#8211; rund um Gollmitz vorangetrieben. Den Projektanten ist dabei kein Vorwurf zu machen &#8211; ihr Job ist die Planung bzw. Projektierung der Aufstellung von Windr\u00e4dern und die werden gebraucht! Die Verantwortung f\u00fcr eine vertr\u00e4gliche Standortwahl bzw. f\u00fcr die Ausweisung geeigneter Fl\u00e4chen (Vorranggebiete) f\u00fcr Windr\u00e4der liegt bei den regionalen Beh\u00f6rden. Das hei\u00dft das Land Brandenburg, die regionalen Planungsgemeinschaften und letztlich die einzelnen Kommunen sind in der Pflicht. Sie m\u00fcssen eine Vorstellung von Raumordnung entwickeln und im Rahmen einer G\u00fcterabw\u00e4gung mit allen Beteiligten einen Interessenausgleich finden. Schnelles Geld sollte dabei kein Ratgeber sein!<\/p>\n\n\n\n<p><\/p>\n\n\n\n<figure class=\"wp-block-image size-large\"><img loading=\"lazy\" decoding=\"async\" width=\"1024\" height=\"811\" src=\"https:\/\/xn--keinwaldfrwind-osb.de\/wp-content\/uploads\/2023\/07\/Windenergienutzung-BB-1024x811.jpg\" alt=\"\" class=\"wp-image-126\" srcset=\"https:\/\/xn--keinwaldfrwind-osb.de\/wp-content\/uploads\/2023\/07\/Windenergienutzung-BB-1024x811.jpg 1024w, https:\/\/xn--keinwaldfrwind-osb.de\/wp-content\/uploads\/2023\/07\/Windenergienutzung-BB-300x237.jpg 300w, https:\/\/xn--keinwaldfrwind-osb.de\/wp-content\/uploads\/2023\/07\/Windenergienutzung-BB-768x608.jpg 768w, https:\/\/xn--keinwaldfrwind-osb.de\/wp-content\/uploads\/2023\/07\/Windenergienutzung-BB-1536x1216.jpg 1536w, https:\/\/xn--keinwaldfrwind-osb.de\/wp-content\/uploads\/2023\/07\/Windenergienutzung-BB.jpg 1981w\" sizes=\"auto, (max-width: 1024px) 100vw, 1024px\" \/><\/figure>\n\n\n\n<div data-wp-interactive=\"core\/file\" class=\"wp-block-file\"><object data-wp-bind--hidden=\"!state.hasPdfPreview\" hidden class=\"wp-block-file__embed\" data=\"https:\/\/xn--keinwaldfrwind-osb.de\/wp-content\/uploads\/2023\/07\/Windenergie_-Brandenburg-stellt-Regionalplanung-um-_-Ministerium-fuer-Infrastruktur-und-Landesplanung-Brandenburg.pdf\" type=\"application\/pdf\" style=\"width:100%;height:600px\" aria-label=\"Einbettung von Windenergie_ Brandenburg stellt Regionalplanung um _ Ministerium f\u00fcr Infrastruktur und Landesplanung Brandenburg.\"><\/object><a id=\"wp-block-file--media-1f4f5d10-6f72-435a-9693-23929ada5a38\" href=\"https:\/\/xn--keinwaldfrwind-osb.de\/wp-content\/uploads\/2023\/07\/Windenergie_-Brandenburg-stellt-Regionalplanung-um-_-Ministerium-fuer-Infrastruktur-und-Landesplanung-Brandenburg.pdf\">Windenergie_ Brandenburg stellt Regionalplanung um _ Ministerium f\u00fcr Infrastruktur und Landesplanung Brandenburg<\/a><a href=\"https:\/\/xn--keinwaldfrwind-osb.de\/wp-content\/uploads\/2023\/07\/Windenergie_-Brandenburg-stellt-Regionalplanung-um-_-Ministerium-fuer-Infrastruktur-und-Landesplanung-Brandenburg.pdf\" class=\"wp-block-file__button wp-element-button\" download aria-describedby=\"wp-block-file--media-1f4f5d10-6f72-435a-9693-23929ada5a38\">Herunterladen<\/a><\/div>\n\n\n\n<div data-wp-interactive=\"core\/file\" class=\"wp-block-file\"><object data-wp-bind--hidden=\"!state.hasPdfPreview\" hidden class=\"wp-block-file__embed\" data=\"https:\/\/xn--keinwaldfrwind-osb.de\/wp-content\/uploads\/2023\/07\/SVV-der-Stadt-Calau.pdf\" type=\"application\/pdf\" style=\"width:100%;height:600px\" aria-label=\"Einbettung von SVV der Stadt Calau.\"><\/object><a id=\"wp-block-file--media-d46edf3a-ad3b-44bf-8db5-e7511263b537\" href=\"https:\/\/xn--keinwaldfrwind-osb.de\/wp-content\/uploads\/2023\/07\/SVV-der-Stadt-Calau.pdf\">SVV der Stadt Calau<\/a><a href=\"https:\/\/xn--keinwaldfrwind-osb.de\/wp-content\/uploads\/2023\/07\/SVV-der-Stadt-Calau.pdf\" class=\"wp-block-file__button wp-element-button\" download aria-describedby=\"wp-block-file--media-d46edf3a-ad3b-44bf-8db5-e7511263b537\">Herunterladen<\/a><\/div>\n","protected":false},"excerpt":{"rendered":"<p>Von unterschiedlichen Projektanten werden Windparks &#8211; sowohl neue als auch Erweiterungen bestehender Windparks &#8211; rund um Gollmitz vorangetrieben. Den Projektanten ist dabei kein Vorwurf zu machen &#8211; ihr Job ist die Planung bzw. Projektierung der Aufstellung von Windr\u00e4dern und die werden gebraucht! Die Verantwortung f\u00fcr eine vertr\u00e4gliche Standortwahl bzw. f\u00fcr die Ausweisung geeigneter Fl\u00e4chen (Vorranggebiete) [&hellip;]<\/p>\n","protected":false},"author":4,"featured_media":0,"parent":0,"menu_order":0,"comment_status":"closed","ping_status":"closed","template":"","meta":{"footnotes":""},"class_list":["post-116","page","type-page","status-publish","hentry"],"_links":{"self":[{"href":"https:\/\/xn--keinwaldfrwind-osb.de\/index.php?rest_route=\/wp\/v2\/pages\/116","targetHints":{"allow":["GET"]}}],"collection":[{"href":"https:\/\/xn--keinwaldfrwind-osb.de\/index.php?rest_route=\/wp\/v2\/pages"}],"about":[{"href":"https:\/\/xn--keinwaldfrwind-osb.de\/index.php?rest_route=\/wp\/v2\/types\/page"}],"author":[{"embeddable":true,"href":"https:\/\/xn--keinwaldfrwind-osb.de\/index.php?rest_route=\/wp\/v2\/users\/4"}],"replies":[{"embeddable":true,"href":"https:\/\/xn--keinwaldfrwind-osb.de\/index.php?rest_route=%2Fwp%2Fv2%2Fcomments&post=116"}],"version-history":[{"count":6,"href":"https:\/\/xn--keinwaldfrwind-osb.de\/index.php?rest_route=\/wp\/v2\/pages\/116\/revisions"}],"predecessor-version":[{"id":207,"href":"https:\/\/xn--keinwaldfrwind-osb.de\/index.php?rest_route=\/wp\/v2\/pages\/116\/revisions\/207"}],"wp:attachment":[{"href":"https:\/\/xn--keinwaldfrwind-osb.de\/index.php?rest_route=%2Fwp%2Fv2%2Fmedia&parent=116"}],"curies":[{"name":"wp","href":"https:\/\/api.w.org\/{rel}","templated":true}]}}