{"id":130,"date":"2023-07-29T19:57:04","date_gmt":"2023-07-29T19:57:04","guid":{"rendered":"https:\/\/xn--keinwaldfrwind-osb.de\/?page_id=130"},"modified":"2025-02-15T17:43:46","modified_gmt":"2025-02-15T17:43:46","slug":"gespraeche-mit-den-fraktionen-der-svv","status":"publish","type":"page","link":"https:\/\/xn--keinwaldfrwind-osb.de\/?page_id=130","title":{"rendered":"Gespr\u00e4che mit den Fraktionen der SVV"},"content":{"rendered":"\n<div data-wp-interactive=\"core\/file\" class=\"wp-block-file\"><object data-wp-bind--hidden=\"!state.hasPdfPreview\" hidden class=\"wp-block-file__embed\" data=\"https:\/\/xn--keinwaldfrwind-osb.de\/wp-content\/uploads\/2025\/02\/Petition_final.pdf\" type=\"application\/pdf\" style=\"width:100%;height:600px\" aria-label=\"Einbettung von Petition_final.\"><\/object><a id=\"wp-block-file--media-4ef22846-bfa3-4c97-b3c4-4afbaf0c0c95\" href=\"https:\/\/xn--keinwaldfrwind-osb.de\/wp-content\/uploads\/2025\/02\/Petition_final.pdf\">Petition_final<\/a><a href=\"https:\/\/xn--keinwaldfrwind-osb.de\/wp-content\/uploads\/2025\/02\/Petition_final.pdf\" class=\"wp-block-file__button wp-element-button\" download aria-describedby=\"wp-block-file--media-4ef22846-bfa3-4c97-b3c4-4afbaf0c0c95\">Herunterladen<\/a><\/div>\n\n\n\n<div data-wp-interactive=\"core\/file\" class=\"wp-block-file\"><object data-wp-bind--hidden=\"!state.hasPdfPreview\" hidden class=\"wp-block-file__embed\" data=\"https:\/\/xn--keinwaldfrwind-osb.de\/wp-content\/uploads\/2023\/12\/Brief_SVV_12_KJ.pdf\" type=\"application\/pdf\" style=\"width:100%;height:600px\" aria-label=\"Einbettung von Brief_SVV_12_KJ.\"><\/object><a id=\"wp-block-file--media-63e23071-57bb-4f01-a635-f379e2f14b4f\" href=\"https:\/\/xn--keinwaldfrwind-osb.de\/wp-content\/uploads\/2023\/12\/Brief_SVV_12_KJ.pdf\">Brief_SVV_12_KJ<\/a><a href=\"https:\/\/xn--keinwaldfrwind-osb.de\/wp-content\/uploads\/2023\/12\/Brief_SVV_12_KJ.pdf\" class=\"wp-block-file__button wp-element-button\" download aria-describedby=\"wp-block-file--media-63e23071-57bb-4f01-a635-f379e2f14b4f\">Herunterladen<\/a><\/div>\n\n\n\n<div data-wp-interactive=\"core\/file\" class=\"wp-block-file\"><object data-wp-bind--hidden=\"!state.hasPdfPreview\" hidden class=\"wp-block-file__embed\" data=\"https:\/\/xn--keinwaldfrwind-osb.de\/wp-content\/uploads\/2023\/07\/Schreiben-SVV_Fraktionen_23_a.pdf\" type=\"application\/pdf\" style=\"width:100%;height:600px\" aria-label=\"Einbettung von Schreiben SVV_Fraktionen_23_a.\"><\/object><a id=\"wp-block-file--media-5a30f913-33c0-45c4-8530-e9786bd72e1b\" href=\"https:\/\/xn--keinwaldfrwind-osb.de\/wp-content\/uploads\/2023\/07\/Schreiben-SVV_Fraktionen_23_a.pdf\">Schreiben SVV_Fraktionen_23_a<\/a><a href=\"https:\/\/xn--keinwaldfrwind-osb.de\/wp-content\/uploads\/2023\/07\/Schreiben-SVV_Fraktionen_23_a.pdf\" class=\"wp-block-file__button wp-element-button\" download aria-describedby=\"wp-block-file--media-5a30f913-33c0-45c4-8530-e9786bd72e1b\">Herunterladen<\/a><\/div>\n\n\n\n<div data-wp-interactive=\"core\/file\" class=\"wp-block-file\"><object data-wp-bind--hidden=\"!state.hasPdfPreview\" hidden class=\"wp-block-file__embed\" data=\"https:\/\/xn--keinwaldfrwind-osb.de\/wp-content\/uploads\/2023\/07\/Info_LR_.pdf\" type=\"application\/pdf\" style=\"width:100%;height:600px\" aria-label=\"Einbettung von Info_LR_.\"><\/object><a id=\"wp-block-file--media-f85a827a-d28b-4f78-9fd4-fbf18ac03867\" href=\"https:\/\/xn--keinwaldfrwind-osb.de\/wp-content\/uploads\/2023\/07\/Info_LR_.pdf\">Info_LR_<\/a><a href=\"https:\/\/xn--keinwaldfrwind-osb.de\/wp-content\/uploads\/2023\/07\/Info_LR_.pdf\" class=\"wp-block-file__button wp-element-button\" download aria-describedby=\"wp-block-file--media-f85a827a-d28b-4f78-9fd4-fbf18ac03867\">Herunterladen<\/a><\/div>\n\n\n\n<div data-wp-interactive=\"core\/file\" class=\"wp-block-file\"><object data-wp-bind--hidden=\"!state.hasPdfPreview\" hidden class=\"wp-block-file__embed\" data=\"https:\/\/xn--keinwaldfrwind-osb.de\/wp-content\/uploads\/2023\/07\/lubbenau-2023-01-3113.pdf\" type=\"application\/pdf\" style=\"width:100%;height:600px\" aria-label=\"Einbettung von lubbenau-2023-01-31[13].\"><\/object><a id=\"wp-block-file--media-95054ce1-4aab-4dfb-ba0c-a64a54c95788\" href=\"https:\/\/xn--keinwaldfrwind-osb.de\/wp-content\/uploads\/2023\/07\/lubbenau-2023-01-3113.pdf\">lubbenau-2023-01-31[13]<\/a><a href=\"https:\/\/xn--keinwaldfrwind-osb.de\/wp-content\/uploads\/2023\/07\/lubbenau-2023-01-3113.pdf\" class=\"wp-block-file__button wp-element-button\" download aria-describedby=\"wp-block-file--media-95054ce1-4aab-4dfb-ba0c-a64a54c95788\">Herunterladen<\/a><\/div>\n\n\n\n<p>Die L\u00e4ndliche W\u00e4hlergemeinschaft (LW) setzte sich bereits 2009 f\u00fcr die Belange der eingemeindeten Ortsteile ein und r\u00fcckt auch Belange der Land- und Forstwirtschaft in den Vordergrund:<\/p>\n\n\n\n<figure class=\"wp-block-image size-large\"><img loading=\"lazy\" decoding=\"async\" width=\"1024\" height=\"725\" src=\"https:\/\/xn--keinwaldfrwind-osb.de\/wp-content\/uploads\/2023\/09\/LW_LR_2009-1024x725.jpg\" alt=\"\" class=\"wp-image-235\" srcset=\"https:\/\/xn--keinwaldfrwind-osb.de\/wp-content\/uploads\/2023\/09\/LW_LR_2009-1024x725.jpg 1024w, https:\/\/xn--keinwaldfrwind-osb.de\/wp-content\/uploads\/2023\/09\/LW_LR_2009-300x212.jpg 300w, https:\/\/xn--keinwaldfrwind-osb.de\/wp-content\/uploads\/2023\/09\/LW_LR_2009-768x544.jpg 768w, https:\/\/xn--keinwaldfrwind-osb.de\/wp-content\/uploads\/2023\/09\/LW_LR_2009.jpg 1429w\" sizes=\"auto, (max-width: 1024px) 100vw, 1024px\" \/><\/figure>\n","protected":false},"excerpt":{"rendered":"<p>Die L\u00e4ndliche W\u00e4hlergemeinschaft (LW) setzte sich bereits 2009 f\u00fcr die Belange der eingemeindeten Ortsteile ein und r\u00fcckt auch Belange der Land- und Forstwirtschaft in den Vordergrund:<\/p>\n","protected":false},"author":4,"featured_media":0,"parent":0,"menu_order":0,"comment_status":"closed","ping_status":"closed","template":"","meta":{"footnotes":""},"class_list":["post-130","page","type-page","status-publish","hentry"],"_links":{"self":[{"href":"https:\/\/xn--keinwaldfrwind-osb.de\/index.php?rest_route=\/wp\/v2\/pages\/130","targetHints":{"allow":["GET"]}}],"collection":[{"href":"https:\/\/xn--keinwaldfrwind-osb.de\/index.php?rest_route=\/wp\/v2\/pages"}],"about":[{"href":"https:\/\/xn--keinwaldfrwind-osb.de\/index.php?rest_route=\/wp\/v2\/types\/page"}],"author":[{"embeddable":true,"href":"https:\/\/xn--keinwaldfrwind-osb.de\/index.php?rest_route=\/wp\/v2\/users\/4"}],"replies":[{"embeddable":true,"href":"https:\/\/xn--keinwaldfrwind-osb.de\/index.php?rest_route=%2Fwp%2Fv2%2Fcomments&post=130"}],"version-history":[{"count":7,"href":"https:\/\/xn--keinwaldfrwind-osb.de\/index.php?rest_route=\/wp\/v2\/pages\/130\/revisions"}],"predecessor-version":[{"id":298,"href":"https:\/\/xn--keinwaldfrwind-osb.de\/index.php?rest_route=\/wp\/v2\/pages\/130\/revisions\/298"}],"wp:attachment":[{"href":"https:\/\/xn--keinwaldfrwind-osb.de\/index.php?rest_route=%2Fwp%2Fv2%2Fmedia&parent=130"}],"curies":[{"name":"wp","href":"https:\/\/api.w.org\/{rel}","templated":true}]}}