{"id":146,"date":"2023-07-31T18:28:34","date_gmt":"2023-07-31T18:28:34","guid":{"rendered":"https:\/\/xn--keinwaldfrwind-osb.de\/?page_id=146"},"modified":"2023-09-07T19:22:18","modified_gmt":"2023-09-07T19:22:18","slug":"pro-contra-windraeder","status":"publish","type":"page","link":"https:\/\/xn--keinwaldfrwind-osb.de\/?page_id=146","title":{"rendered":"Pro &#038; Contra Windr\u00e4der"},"content":{"rendered":"\n<p>Windr\u00e4der sind eine feine Sache: Gro\u00df, leistungsstark und \u2013 ganz toll &#8211; der Wind schickt keine Strom-Rechnung!<\/p>\n\n\n\n<p>Aber auch f\u00fcr Windr\u00e4der gilt die Erkenntnis vom alten Paracelsus: <em>Alle Dinge sind Gift, und nichts ist ohne Gift. Allein die Dosis macht, dass ein Ding kein Gift ist.<\/em><\/p>\n\n\n\n<p>Und wir haben anschauliche Beispiele vor Augen: Die energetische Nutzung biologischer Abf\u00e4lle ist ebenfalls eine feine Sache. In einer Biogasanlage verwertet kann man sogar grundlastf\u00e4higen Strom bereitstellen, also Strom, der dann erzeugt wird, wenn er gebraucht wird. Solange organischer Abfall, der ohnehin anf\u00e4llt, verwertet wird \u2013 alles prima. Wenn aber Monokulturen wie Mais unsere Landschaft \u00fcberwuchern, um Maissilage in die zu gro\u00dfen Biogasanlagen kippen zu k\u00f6nnen, ist die kritische Dosis schnell \u00fcberschritten. Und auf jede m\u00f6gliche oder unm\u00f6gliche Restfl\u00e4che Mais zu pflanzen hat mit dazu beigetragen, dass wir in den letzten 30 Jahren etwa 90 % des deutschen Rebhuhnbestandes ausgerottet haben.<\/p>\n\n\n\n<p>Auch die energetische Verwertung von Holzabf\u00e4llen ist eine feine Sache. Wer mit Holzpellets aus diesen Abf\u00e4llen oder mit Bruchholz heizt, darf sich auf die Schulter klopfen. Hierbei werden ausschlie\u00dflich Abf\u00e4lle energetisch verwertet, die z. B. in einer S\u00e4gem\u00fchle ohnehin anfallen. Wenn aber in Osteuropa oder in Skandinavien B\u00e4ume extra gef\u00e4llt werden, um in Deutschland ganze Kraftwerke damit zu beheizen, ist die kritische Dosis zum Umwelt-Gift lange \u00fcberschritten.<\/p>\n\n\n\n<p>M\u00fcssen wir noch \u00fcber Agrosprit reden? Nein, denn auch in normalem Superbenzin sind bereits rund f\u00fcnf Prozent Ethanol beigemischt, das \u00fcberwiegend aus Getreide hergestellt wurde. Im Diesel sind sogar sieben Prozent Biodiesel aus \u00d6lpflanzen wie Soja, Raps oder der Palm\u00f6lpflanze enthalten. Und diese Beimischungen sind, wie inzwischen jeder wissen kann, nur der Ersatz der Pest durch die Cholera.<\/p>\n\n\n\n<p>Aber jetzt kommt die ultimative L\u00f6sung, kommt endlich die Medaille, die keine Kehrseite zu haben scheint: Windenergie!<\/p>\n\n\n\n<p>Man muss nur schnell geeignete Pl\u00e4tze f\u00fcr die Windturbinen finden. Anfangs hie\u00df es, der Abstand zu Wohnh\u00e4usern soll mindestens der Nabenh\u00f6he mal 10 entsprechen und W\u00e4lder kommen als Standort f\u00fcr Windr\u00e4der \u00fcberhaupt nicht in Frage. Man war sich also noch einigerma\u00dfen der Tatsache bewusst, dass auch ein zuviel an Windr\u00e4dern giftig werden kann.<\/p>\n\n\n\n<p>Die ca. 30.000 Windr\u00e4der in Deutschland sind die gr\u00f6\u00dfte Komponente im Mix der erneuerbaren Energien. Wind und Sonne wehen bzw. scheinen aber nicht, wenn wir es gerne h\u00e4tten und zur Speicherung haben wir noch keine technisch und wirtschaftlich tragf\u00e4higen L\u00f6sungen:<\/p>\n\n\n\n<figure class=\"wp-block-image size-large\"><img loading=\"lazy\" decoding=\"async\" width=\"1024\" height=\"475\" src=\"https:\/\/xn--keinwaldfrwind-osb.de\/wp-content\/uploads\/2023\/08\/Stromspeicherbedarf-1024x475.jpg\" alt=\"\" class=\"wp-image-190\" srcset=\"https:\/\/xn--keinwaldfrwind-osb.de\/wp-content\/uploads\/2023\/08\/Stromspeicherbedarf-1024x475.jpg 1024w, https:\/\/xn--keinwaldfrwind-osb.de\/wp-content\/uploads\/2023\/08\/Stromspeicherbedarf-300x139.jpg 300w, https:\/\/xn--keinwaldfrwind-osb.de\/wp-content\/uploads\/2023\/08\/Stromspeicherbedarf-768x357.jpg 768w, https:\/\/xn--keinwaldfrwind-osb.de\/wp-content\/uploads\/2023\/08\/Stromspeicherbedarf-1536x713.jpg 1536w, https:\/\/xn--keinwaldfrwind-osb.de\/wp-content\/uploads\/2023\/08\/Stromspeicherbedarf.jpg 1695w\" sizes=\"auto, (max-width: 1024px) 100vw, 1024px\" \/><\/figure>\n\n\n\n<p>Die obenstehende Grafik hat die Bundesnetzagentur in ihrem Bericht &#8222;Regelungen zu Stromspeichern im deutschen Strommarkt&#8220; vom M\u00e4rz 2021 ver\u00f6ffentlicht. Den dort f\u00fcr einen halben Tag als notwendig bilanzierten 720 GWh standen laut &#8218;mdrWissen&#8216; vom  8.12.2022 nur verf\u00fcgbare Speicherkapazit\u00e4ten von 4,5 GWh gegen\u00fcber &#8211; wir k\u00f6nnten also bei vollst\u00e4ndiger landesweiter Flaute genau 4,5 Minuten das Stromnetz stabil halten. Da irgendwo immer etwas Wind weht, rechnen Praktiker mit rund 30 Minuten erzielbarer Netzstabilit\u00e4t allein aus Stromspeichern &#8211; auch nicht sehr beruhigend. <\/p>\n\n\n\n<p>Die Verluste bei einer m\u00f6glichen Speicherung werden auch in 10 Jahren noch vergleichsweise hoch sein. Wer also nur auf Wind und Sonne setzt, braucht bis zur Abschaltung des letzten konventionellen Kraftwerkes vielleicht 300.000 Windr\u00e4der \u2013 wo aber sollen die stehen?<\/p>\n\n\n\n<p>Die Wochenzeitung DIE ZEIT hatte sich im M\u00e4rz 2022 dieser Frage angenommen:<\/p>\n\n\n\n<div data-wp-interactive=\"core\/file\" class=\"wp-block-file\"><object data-wp-bind--hidden=\"!state.hasPdfPreview\" hidden class=\"wp-block-file__embed\" data=\"https:\/\/xn--keinwaldfrwind-osb.de\/wp-content\/uploads\/2023\/07\/DIE-ZEIT-10-2022-02.03.202233_34.pdf\" type=\"application\/pdf\" style=\"width:100%;height:600px\" aria-label=\"Einbettung von DIE-ZEIT-10-2022-02.03.2022[33_34].\"><\/object><a id=\"wp-block-file--media-3195db6d-16f9-4ef9-872c-12239bbb54bf\" href=\"https:\/\/xn--keinwaldfrwind-osb.de\/wp-content\/uploads\/2023\/07\/DIE-ZEIT-10-2022-02.03.202233_34.pdf\">DIE-ZEIT-10-2022-02.03.2022[33_34]<\/a><a href=\"https:\/\/xn--keinwaldfrwind-osb.de\/wp-content\/uploads\/2023\/07\/DIE-ZEIT-10-2022-02.03.202233_34.pdf\" class=\"wp-block-file__button wp-element-button\" download aria-describedby=\"wp-block-file--media-3195db6d-16f9-4ef9-872c-12239bbb54bf\">Herunterladen<\/a><\/div>\n\n\n\n<p>Aktueller Beitrag im ZDF zum Thema:<\/p>\n\n\n\n<p><a href=\"https:\/\/www.zdf.de\/dokumentation\/planet-e\/planet-e-streitfall-windenergie-100.html\">Streitfall Windenergie &#8211; ZDFmediathek<\/a><\/p>\n\n\n\n<p>(abrufbar bis 1.9.2028)<\/p>\n\n\n\n<figure class=\"wp-block-image\"><img loading=\"lazy\" decoding=\"async\" width=\"1579\" height=\"1575\" src=\"https:\/\/xn--keinwaldfrwind-osb.de\/wp-content\/uploads\/2023\/09\/planet_e_WIND.jpg\" alt=\"\" class=\"wp-image-232\" srcset=\"https:\/\/xn--keinwaldfrwind-osb.de\/wp-content\/uploads\/2023\/09\/planet_e_WIND.jpg 1579w, https:\/\/xn--keinwaldfrwind-osb.de\/wp-content\/uploads\/2023\/09\/planet_e_WIND-300x300.jpg 300w, https:\/\/xn--keinwaldfrwind-osb.de\/wp-content\/uploads\/2023\/09\/planet_e_WIND-1024x1021.jpg 1024w, https:\/\/xn--keinwaldfrwind-osb.de\/wp-content\/uploads\/2023\/09\/planet_e_WIND-150x150.jpg 150w, https:\/\/xn--keinwaldfrwind-osb.de\/wp-content\/uploads\/2023\/09\/planet_e_WIND-768x766.jpg 768w, https:\/\/xn--keinwaldfrwind-osb.de\/wp-content\/uploads\/2023\/09\/planet_e_WIND-1536x1532.jpg 1536w\" sizes=\"auto, (max-width: 1579px) 100vw, 1579px\" \/><\/figure>\n","protected":false},"excerpt":{"rendered":"<p>Windr\u00e4der sind eine feine Sache: Gro\u00df, leistungsstark und \u2013 ganz toll &#8211; der Wind schickt keine Strom-Rechnung! Aber auch f\u00fcr Windr\u00e4der gilt die Erkenntnis vom alten Paracelsus: Alle Dinge sind Gift, und nichts ist ohne Gift. Allein die Dosis macht, dass ein Ding kein Gift ist. Und wir haben anschauliche Beispiele vor Augen: Die energetische [&hellip;]<\/p>\n","protected":false},"author":4,"featured_media":0,"parent":0,"menu_order":0,"comment_status":"closed","ping_status":"closed","template":"","meta":{"footnotes":""},"class_list":["post-146","page","type-page","status-publish","hentry"],"_links":{"self":[{"href":"https:\/\/xn--keinwaldfrwind-osb.de\/index.php?rest_route=\/wp\/v2\/pages\/146","targetHints":{"allow":["GET"]}}],"collection":[{"href":"https:\/\/xn--keinwaldfrwind-osb.de\/index.php?rest_route=\/wp\/v2\/pages"}],"about":[{"href":"https:\/\/xn--keinwaldfrwind-osb.de\/index.php?rest_route=\/wp\/v2\/types\/page"}],"author":[{"embeddable":true,"href":"https:\/\/xn--keinwaldfrwind-osb.de\/index.php?rest_route=\/wp\/v2\/users\/4"}],"replies":[{"embeddable":true,"href":"https:\/\/xn--keinwaldfrwind-osb.de\/index.php?rest_route=%2Fwp%2Fv2%2Fcomments&post=146"}],"version-history":[{"count":6,"href":"https:\/\/xn--keinwaldfrwind-osb.de\/index.php?rest_route=\/wp\/v2\/pages\/146\/revisions"}],"predecessor-version":[{"id":234,"href":"https:\/\/xn--keinwaldfrwind-osb.de\/index.php?rest_route=\/wp\/v2\/pages\/146\/revisions\/234"}],"wp:attachment":[{"href":"https:\/\/xn--keinwaldfrwind-osb.de\/index.php?rest_route=%2Fwp%2Fv2%2Fmedia&parent=146"}],"curies":[{"name":"wp","href":"https:\/\/api.w.org\/{rel}","templated":true}]}}