{"id":157,"date":"2023-07-31T19:02:14","date_gmt":"2023-07-31T19:02:14","guid":{"rendered":"https:\/\/xn--keinwaldfrwind-osb.de\/?page_id=157"},"modified":"2023-08-13T12:10:16","modified_gmt":"2023-08-13T12:10:16","slug":"brandenburger-netzwerk","status":"publish","type":"page","link":"https:\/\/xn--keinwaldfrwind-osb.de\/?page_id=157","title":{"rendered":"Brandenburger Netzwerk"},"content":{"rendered":"\n<p>Unsere B\u00fcrgerinitiative hat sich mit gleich gelagerten Initiativen rund um den Niederlausitzer Landr\u00fccken vernetzt. Wir wollen Erfahrungen austauschen und mit den jeweiligen Kommunalvertretern gemeinsam nach L\u00f6sungen zu suchen. Es geht um L\u00f6sungen, die einerseits mehr gr\u00fcnen Strom erm\u00f6glichen, aber die andererseits gewachsene Kulturlandschaften nicht prim\u00e4r dem schnellen Geld opfern.<\/p>\n\n\n\n<p><\/p>\n\n\n\n<figure class=\"wp-block-image size-large\"><img loading=\"lazy\" decoding=\"async\" width=\"918\" height=\"1024\" src=\"https:\/\/xn--keinwaldfrwind-osb.de\/wp-content\/uploads\/2023\/07\/Nabu_Windenergie-918x1024.jpg\" alt=\"\" class=\"wp-image-165\" srcset=\"https:\/\/xn--keinwaldfrwind-osb.de\/wp-content\/uploads\/2023\/07\/Nabu_Windenergie-918x1024.jpg 918w, https:\/\/xn--keinwaldfrwind-osb.de\/wp-content\/uploads\/2023\/07\/Nabu_Windenergie-269x300.jpg 269w, https:\/\/xn--keinwaldfrwind-osb.de\/wp-content\/uploads\/2023\/07\/Nabu_Windenergie-768x857.jpg 768w, https:\/\/xn--keinwaldfrwind-osb.de\/wp-content\/uploads\/2023\/07\/Nabu_Windenergie.jpg 1176w\" sizes=\"auto, (max-width: 918px) 100vw, 918px\" \/><\/figure>\n\n\n\n<div data-wp-interactive=\"core\/file\" class=\"wp-block-file\"><object data-wp-bind--hidden=\"!state.hasPdfPreview\" hidden class=\"wp-block-file__embed\" data=\"https:\/\/xn--keinwaldfrwind-osb.de\/wp-content\/uploads\/2023\/07\/Nabu_Wind_23_.pdf\" type=\"application\/pdf\" style=\"width:100%;height:600px\" aria-label=\"Einbettung von Nabu_Wind_23_.\"><\/object><a id=\"wp-block-file--media-17250863-659a-4fd0-ab77-6eda9b4b7ced\" href=\"https:\/\/xn--keinwaldfrwind-osb.de\/wp-content\/uploads\/2023\/07\/Nabu_Wind_23_.pdf\">Nabu_Wind_23_<\/a><a href=\"https:\/\/xn--keinwaldfrwind-osb.de\/wp-content\/uploads\/2023\/07\/Nabu_Wind_23_.pdf\" class=\"wp-block-file__button wp-element-button\" download aria-describedby=\"wp-block-file--media-17250863-659a-4fd0-ab77-6eda9b4b7ced\">Herunterladen<\/a><\/div>\n","protected":false},"excerpt":{"rendered":"<p>Unsere B\u00fcrgerinitiative hat sich mit gleich gelagerten Initiativen rund um den Niederlausitzer Landr\u00fccken vernetzt. Wir wollen Erfahrungen austauschen und mit den jeweiligen Kommunalvertretern gemeinsam nach L\u00f6sungen zu suchen. Es geht um L\u00f6sungen, die einerseits mehr gr\u00fcnen Strom erm\u00f6glichen, aber die andererseits gewachsene Kulturlandschaften nicht prim\u00e4r dem schnellen Geld opfern.<\/p>\n","protected":false},"author":4,"featured_media":0,"parent":0,"menu_order":0,"comment_status":"closed","ping_status":"closed","template":"","meta":{"footnotes":""},"class_list":["post-157","page","type-page","status-publish","hentry"],"_links":{"self":[{"href":"https:\/\/xn--keinwaldfrwind-osb.de\/index.php?rest_route=\/wp\/v2\/pages\/157","targetHints":{"allow":["GET"]}}],"collection":[{"href":"https:\/\/xn--keinwaldfrwind-osb.de\/index.php?rest_route=\/wp\/v2\/pages"}],"about":[{"href":"https:\/\/xn--keinwaldfrwind-osb.de\/index.php?rest_route=\/wp\/v2\/types\/page"}],"author":[{"embeddable":true,"href":"https:\/\/xn--keinwaldfrwind-osb.de\/index.php?rest_route=\/wp\/v2\/users\/4"}],"replies":[{"embeddable":true,"href":"https:\/\/xn--keinwaldfrwind-osb.de\/index.php?rest_route=%2Fwp%2Fv2%2Fcomments&post=157"}],"version-history":[{"count":7,"href":"https:\/\/xn--keinwaldfrwind-osb.de\/index.php?rest_route=\/wp\/v2\/pages\/157\/revisions"}],"predecessor-version":[{"id":212,"href":"https:\/\/xn--keinwaldfrwind-osb.de\/index.php?rest_route=\/wp\/v2\/pages\/157\/revisions\/212"}],"wp:attachment":[{"href":"https:\/\/xn--keinwaldfrwind-osb.de\/index.php?rest_route=%2Fwp%2Fv2%2Fmedia&parent=157"}],"curies":[{"name":"wp","href":"https:\/\/api.w.org\/{rel}","templated":true}]}}