{"id":55,"date":"2023-07-26T17:58:15","date_gmt":"2023-07-26T17:58:15","guid":{"rendered":"https:\/\/xn--keinwaldfrwind-osb.de\/?page_id=55"},"modified":"2023-07-28T19:29:34","modified_gmt":"2023-07-28T19:29:34","slug":"wer-wir-sind","status":"publish","type":"page","link":"https:\/\/xn--keinwaldfrwind-osb.de\/?page_id=55","title":{"rendered":"Wer wir sind?"},"content":{"rendered":"\n<p class=\"has-text-align-left\">Gollmitz ist ein Dorf mit rund 200 Seelen s\u00fcdlich der Stadt Calau und seit 2001 auch ihr Ortsteil. Gelegen inmitten von W\u00e4ldern, Wiesen und Feldern und getragen von Einwohnern, deren Familien einen Gollmitzer, einen Niederlausitzer oder einen Berliner Hintergrund haben oder deren Wurzeln noch weiter ausgreifen. Was sie aber eint und zusammenh\u00e4lt, ist der Charme der Landschaft hier am s\u00fcdlichen Rand des Niederlausitzer Landr\u00fcckens und das vom Miteinander gepr\u00e4gte soziale Gef\u00fcge des Dorfes. <\/p>\n\n\n\n<p>Ver\u00e4nderungen gab es immer wieder in der Geschichte des Dorfes &#8211; ersehnte und hingenommene, begr\u00fc\u00dfte und erduldete. Vieles hat sich ge\u00e4ndert und noch mehr wird sich \u00e4ndern &#8211; die einen treiben, andere werden getrieben. Mehrheitlich ist der Wille, die Kirche im Dorf zu lassen.<\/p>\n\n\n\n<p>2021 bildete sich eine B\u00fcrgerinitiative und f\u00fchrte eine Kampagne f\u00fcr den Erhalt ortsnaher W\u00e4lder rund um Calau. \u00dcber 100 stimmberechtigte B\u00fcrger hatten sich mit ihrer Unterschrift angeschlossen, wobei sich die Kampagne wohlbemerkt nicht prinzipiell gegen die Windenergie-Industrie richtet, wohl aber gegen ihre plan- und ma\u00dflose Ausweitung.<\/p>\n\n\n\n<p>Der Lausitzer Bauer w\u00fcrde an dieser Stelle sagen: \u201eAuch das beste Pferd kann vom uneinsichtigen Reiter zu Tode geritten werden!\u201c<\/p>\n\n\n\n<p>Die Kampagne hat also das Ziel, der Windenergie einen geb\u00fchrenden Platz in einem ausgewogenen Energie-Portfolio der Zukunft zu sichern und ihr dabei auch mittel- und langfristig die Akzeptanz der Anwohner zu erhalten.<\/p>\n\n\n\n<p>In &nbsp;Gespr\u00e4chen mit&nbsp; den Fraktionen&nbsp; der Calauer Stadtverordnetenversammlung&nbsp;&nbsp; &nbsp;(SVV) hatten wir die M\u00f6glichkeit, \u00fcber die Errichtung von Windenergieanlagen &nbsp;(WEA)&nbsp;rund um Gollmitz zu diskutieren.<\/p>\n\n\n\n<p class=\"has-text-align-left\">Das Land Brandenburg ist bis 2032 in der Pflicht, 2,2 % seiner Fl\u00e4che f\u00fcr WEA freizugeben. Damit ist raumordnende Planung erforderlich, die \u00a0Windenergie-gebiete ausweist, auf denen vertr\u00e4glich gebaut werden kann. Egal ob landesweit oder regional &#8211; ein Raumordnungsplan muss sich daran messen lassen, wie er einerseits seine per Gesetz vorgegebene Zielstellung erreicht und andererseits Mensch und Natur weitestgehend schont. \u00a0Nicht zuletzt sind die Menschen in den D\u00f6rfern auch Teil der Natur.<\/p>\n\n\n\n<p class=\"has-text-align-left\">Calau hat mit 2,46 % seiner Fl\u00e4che durch die bestehenden WEA\u00a0schon jetzt\u00a0das Soll weit \u00fcbererf\u00fcllt. Dem entgegen stehen Pl\u00e4ne einzelner Stadtverordneter, Calau zu einem Hotspot der Erzeugung erneuerbarer\u00a0Energien umzugestalten\u00a0und daf\u00fcr immer neue Fl\u00e4chen aus der Land- und Forstwirtschaft umzuwidmen.<\/p>\n\n\n\n<p>Sicherlich w\u00fcrde so eine Menge Geld ins Stadts\u00e4ckel flie\u00dfen, aber f\u00fcr die Einwohner von Calau und ihrer Ortsteile w\u00fcrde das eine Umzingelung mit Windr\u00e4dern und Solarpanelen bedeuten. Daher unsere\u00a0 Forderung an die SVV, L\u00f6sungen zu suchen und zu finden, die\u00a0den Erhalt ortsnaher W\u00e4lder gew\u00e4hrleisten.<\/p>\n\n\n\n<p>&nbsp;&nbsp;&nbsp;&nbsp;&nbsp;&nbsp;&nbsp;&nbsp;&nbsp;&nbsp;&nbsp;&nbsp;&nbsp;&nbsp;&nbsp;&nbsp;&nbsp;&nbsp;&nbsp;&nbsp;&nbsp;&nbsp;&nbsp;&nbsp;&nbsp;&nbsp;&nbsp;&nbsp;&nbsp;&nbsp;&nbsp;&nbsp;&nbsp;&nbsp;&nbsp;&nbsp;&nbsp;&nbsp;&nbsp;&nbsp;&nbsp;&nbsp;&nbsp;&nbsp;&nbsp;&nbsp;&nbsp;&nbsp;&nbsp;&nbsp;&nbsp;&nbsp;&nbsp;&nbsp;&nbsp;&nbsp;&nbsp;&nbsp;&nbsp;<\/p>\n\n\n\n<figure class=\"wp-block-image size-large\"><img loading=\"lazy\" decoding=\"async\" width=\"722\" height=\"1024\" src=\"https:\/\/xn--keinwaldfrwind-osb.de\/wp-content\/uploads\/2023\/07\/Schusterjunge_1-722x1024.jpg\" alt=\"\" class=\"wp-image-60\" srcset=\"https:\/\/xn--keinwaldfrwind-osb.de\/wp-content\/uploads\/2023\/07\/Schusterjunge_1-722x1024.jpg 722w, https:\/\/xn--keinwaldfrwind-osb.de\/wp-content\/uploads\/2023\/07\/Schusterjunge_1-212x300.jpg 212w, https:\/\/xn--keinwaldfrwind-osb.de\/wp-content\/uploads\/2023\/07\/Schusterjunge_1-768x1089.jpg 768w, https:\/\/xn--keinwaldfrwind-osb.de\/wp-content\/uploads\/2023\/07\/Schusterjunge_1.jpg 872w\" sizes=\"auto, (max-width: 722px) 100vw, 722px\" \/><\/figure>\n","protected":false},"excerpt":{"rendered":"<p>Gollmitz ist ein Dorf mit rund 200 Seelen s\u00fcdlich der Stadt Calau und seit 2001 auch ihr Ortsteil. Gelegen inmitten von W\u00e4ldern, Wiesen und Feldern und getragen von Einwohnern, deren Familien einen Gollmitzer, einen Niederlausitzer oder einen Berliner Hintergrund haben oder deren Wurzeln noch weiter ausgreifen. Was sie aber eint und zusammenh\u00e4lt, ist der Charme [&hellip;]<\/p>\n","protected":false},"author":1,"featured_media":0,"parent":0,"menu_order":0,"comment_status":"closed","ping_status":"closed","template":"","meta":{"footnotes":""},"class_list":["post-55","page","type-page","status-publish","hentry"],"_links":{"self":[{"href":"https:\/\/xn--keinwaldfrwind-osb.de\/index.php?rest_route=\/wp\/v2\/pages\/55","targetHints":{"allow":["GET"]}}],"collection":[{"href":"https:\/\/xn--keinwaldfrwind-osb.de\/index.php?rest_route=\/wp\/v2\/pages"}],"about":[{"href":"https:\/\/xn--keinwaldfrwind-osb.de\/index.php?rest_route=\/wp\/v2\/types\/page"}],"author":[{"embeddable":true,"href":"https:\/\/xn--keinwaldfrwind-osb.de\/index.php?rest_route=\/wp\/v2\/users\/1"}],"replies":[{"embeddable":true,"href":"https:\/\/xn--keinwaldfrwind-osb.de\/index.php?rest_route=%2Fwp%2Fv2%2Fcomments&post=55"}],"version-history":[{"count":5,"href":"https:\/\/xn--keinwaldfrwind-osb.de\/index.php?rest_route=\/wp\/v2\/pages\/55\/revisions"}],"predecessor-version":[{"id":95,"href":"https:\/\/xn--keinwaldfrwind-osb.de\/index.php?rest_route=\/wp\/v2\/pages\/55\/revisions\/95"}],"wp:attachment":[{"href":"https:\/\/xn--keinwaldfrwind-osb.de\/index.php?rest_route=%2Fwp%2Fv2%2Fmedia&parent=55"}],"curies":[{"name":"wp","href":"https:\/\/api.w.org\/{rel}","templated":true}]}}