{"id":77,"date":"2023-07-27T12:29:03","date_gmt":"2023-07-27T12:29:03","guid":{"rendered":"https:\/\/xn--keinwaldfrwind-osb.de\/?page_id=77"},"modified":"2023-07-28T19:21:18","modified_gmt":"2023-07-28T19:21:18","slug":"landkreis-osl","status":"publish","type":"page","link":"https:\/\/xn--keinwaldfrwind-osb.de\/?page_id=77","title":{"rendered":"Landkreis OSL"},"content":{"rendered":"\n<p>Die L\u00fcbbenauer Ausgabe der LAUSITZER RUNDSCHAU berichtet regelm\u00e4\u00dfig \u00fcber Themen der Energiewende zwischen L\u00fcbbenau und Altd\u00f6bern:<\/p>\n\n\n\n<div data-wp-interactive=\"core\/file\" class=\"wp-block-file\"><object data-wp-bind--hidden=\"!state.hasPdfPreview\" hidden class=\"wp-block-file__embed\" data=\"https:\/\/xn--keinwaldfrwind-osb.de\/wp-content\/uploads\/2023\/07\/lubbenau-2023-04-0413.pdf\" type=\"application\/pdf\" style=\"width:100%;height:600px\" aria-label=\"Einbettung von lubbenau-2023-04-04[13].\"><\/object><a id=\"wp-block-file--media-33ff3c09-7b83-449c-8ebf-0c0250ae8112\" href=\"https:\/\/xn--keinwaldfrwind-osb.de\/wp-content\/uploads\/2023\/07\/lubbenau-2023-04-0413.pdf\">lubbenau-2023-04-04[13]<\/a><a href=\"https:\/\/xn--keinwaldfrwind-osb.de\/wp-content\/uploads\/2023\/07\/lubbenau-2023-04-0413.pdf\" class=\"wp-block-file__button wp-element-button\" download aria-describedby=\"wp-block-file--media-33ff3c09-7b83-449c-8ebf-0c0250ae8112\">Herunterladen<\/a><\/div>\n\n\n\n<div data-wp-interactive=\"core\/file\" class=\"wp-block-file\"><object data-wp-bind--hidden=\"!state.hasPdfPreview\" hidden class=\"wp-block-file__embed\" data=\"https:\/\/xn--keinwaldfrwind-osb.de\/wp-content\/uploads\/2023\/07\/finsterwalde-2023-04-2116.pdf\" type=\"application\/pdf\" style=\"width:100%;height:600px\" aria-label=\"Einbettung von finsterwalde-2023-04-21[16].\"><\/object><a id=\"wp-block-file--media-8f7d034c-9148-4365-901d-f8a70a8a7976\" href=\"https:\/\/xn--keinwaldfrwind-osb.de\/wp-content\/uploads\/2023\/07\/finsterwalde-2023-04-2116.pdf\">finsterwalde-2023-04-21[16]<\/a><a href=\"https:\/\/xn--keinwaldfrwind-osb.de\/wp-content\/uploads\/2023\/07\/finsterwalde-2023-04-2116.pdf\" class=\"wp-block-file__button wp-element-button\" download aria-describedby=\"wp-block-file--media-8f7d034c-9148-4365-901d-f8a70a8a7976\">Herunterladen<\/a><\/div>\n\n\n\n<div data-wp-interactive=\"core\/file\" class=\"wp-block-file\"><object data-wp-bind--hidden=\"!state.hasPdfPreview\" hidden class=\"wp-block-file__embed\" data=\"https:\/\/xn--keinwaldfrwind-osb.de\/wp-content\/uploads\/2023\/07\/LR_Bronkow_WINDRAeDER_20220906_lbalok01-2.pdf\" type=\"application\/pdf\" style=\"width:100%;height:600px\" aria-label=\"Einbettung von LR_Bronkow_WINDR\u00c4DER_20220906_lbalok01.\"><\/object><a id=\"wp-block-file--media-07282c29-7015-4f19-9c5a-5eb99b0c9793\" href=\"https:\/\/xn--keinwaldfrwind-osb.de\/wp-content\/uploads\/2023\/07\/LR_Bronkow_WINDRAeDER_20220906_lbalok01-2.pdf\">LR_Bronkow_WINDR\u00c4DER_20220906_lbalok01<\/a><a href=\"https:\/\/xn--keinwaldfrwind-osb.de\/wp-content\/uploads\/2023\/07\/LR_Bronkow_WINDRAeDER_20220906_lbalok01-2.pdf\" class=\"wp-block-file__button wp-element-button\" download aria-describedby=\"wp-block-file--media-07282c29-7015-4f19-9c5a-5eb99b0c9793\">Herunterladen<\/a><\/div>\n","protected":false},"excerpt":{"rendered":"<p>Die L\u00fcbbenauer Ausgabe der LAUSITZER RUNDSCHAU berichtet regelm\u00e4\u00dfig \u00fcber Themen der Energiewende zwischen L\u00fcbbenau und Altd\u00f6bern:<\/p>\n","protected":false},"author":1,"featured_media":0,"parent":0,"menu_order":0,"comment_status":"closed","ping_status":"closed","template":"","meta":{"footnotes":""},"class_list":["post-77","page","type-page","status-publish","hentry"],"_links":{"self":[{"href":"https:\/\/xn--keinwaldfrwind-osb.de\/index.php?rest_route=\/wp\/v2\/pages\/77","targetHints":{"allow":["GET"]}}],"collection":[{"href":"https:\/\/xn--keinwaldfrwind-osb.de\/index.php?rest_route=\/wp\/v2\/pages"}],"about":[{"href":"https:\/\/xn--keinwaldfrwind-osb.de\/index.php?rest_route=\/wp\/v2\/types\/page"}],"author":[{"embeddable":true,"href":"https:\/\/xn--keinwaldfrwind-osb.de\/index.php?rest_route=\/wp\/v2\/users\/1"}],"replies":[{"embeddable":true,"href":"https:\/\/xn--keinwaldfrwind-osb.de\/index.php?rest_route=%2Fwp%2Fv2%2Fcomments&post=77"}],"version-history":[{"count":5,"href":"https:\/\/xn--keinwaldfrwind-osb.de\/index.php?rest_route=\/wp\/v2\/pages\/77\/revisions"}],"predecessor-version":[{"id":92,"href":"https:\/\/xn--keinwaldfrwind-osb.de\/index.php?rest_route=\/wp\/v2\/pages\/77\/revisions\/92"}],"wp:attachment":[{"href":"https:\/\/xn--keinwaldfrwind-osb.de\/index.php?rest_route=%2Fwp%2Fv2%2Fmedia&parent=77"}],"curies":[{"name":"wp","href":"https:\/\/api.w.org\/{rel}","templated":true}]}}