{"id":96,"date":"2023-07-28T19:32:04","date_gmt":"2023-07-28T19:32:04","guid":{"rendered":"https:\/\/xn--keinwaldfrwind-osb.de\/?page_id=96"},"modified":"2023-08-06T13:23:14","modified_gmt":"2023-08-06T13:23:14","slug":"deutschland","status":"publish","type":"page","link":"https:\/\/xn--keinwaldfrwind-osb.de\/?page_id=96","title":{"rendered":"Deutschland"},"content":{"rendered":"\n<p>Mit &#8218;Repowering&#8216; wird eine Vorgehensweise bezeichnet, die nicht immer nur auf weiteren Verbrauch neuer Fl\u00e4chen setzt, sondern auf eine intelligente Nutzung der bereits f\u00fcr die Energiegewinnung \u00fcberbauten Fl\u00e4chen: Alte Windenergieanlagen werden durch neue, leistungsf\u00e4higere Anlagen ersetzt. Auf diese Weise wird pro Quadratmeter mehr Windstrom erzeugt und im g\u00fcnstigsten Fall kann der Natur sogar Fl\u00e4che zur\u00fcck gegeben werden.<\/p>\n\n\n\n<p>Ein geeignetes Vorgehen f\u00fcr Kommunen, die fr\u00fchzeitig eingestiegen sind und bereits \u00fcber viele Windenergieanlagen verf\u00fcgen, die in n\u00e4chster Zeit physisch und moralisch verschlissen sein werden.<\/p>\n\n\n\n<div data-wp-interactive=\"core\/file\" class=\"wp-block-file\"><object data-wp-bind--hidden=\"!state.hasPdfPreview\" hidden class=\"wp-block-file__embed\" data=\"https:\/\/xn--keinwaldfrwind-osb.de\/wp-content\/uploads\/2023\/07\/ZEIT-im-Osten-14-2023-30.03.20234.pdf\" type=\"application\/pdf\" style=\"width:100%;height:600px\" aria-label=\"Einbettung von ZEIT-im-Osten-14-2023-30.03.2023[4].\"><\/object><a id=\"wp-block-file--media-1a8a3f9d-e1ad-4981-926a-d19eb074c54c\" href=\"https:\/\/xn--keinwaldfrwind-osb.de\/wp-content\/uploads\/2023\/07\/ZEIT-im-Osten-14-2023-30.03.20234.pdf\">ZEIT-im-Osten-14-2023-30.03.2023[4]<\/a><a href=\"https:\/\/xn--keinwaldfrwind-osb.de\/wp-content\/uploads\/2023\/07\/ZEIT-im-Osten-14-2023-30.03.20234.pdf\" class=\"wp-block-file__button wp-element-button\" download aria-describedby=\"wp-block-file--media-1a8a3f9d-e1ad-4981-926a-d19eb074c54c\">Herunterladen<\/a><\/div>\n\n\n\n<p>Windr\u00e4der brauchen Platz und allzu oft erscheint es am einfachsten, sie einfach in den n\u00e4chsten Wald zu stellen. War ein solches Vorgehen vor Jahren noch Tabu, sucht man heute Ausreden: Es handele sich ja gar nicht um richtigen Wald, sondern eher um eine minderwertige Kiefernplantage, die aus \u00f6kologischer und klimatechnischer Sicht f\u00fcr das hehre Ziel schmerzfrei geopfert werden k\u00f6nne.<\/p>\n\n\n\n<p>Einer, der auch dem Kiefernwald eine andere, gr\u00f6\u00dfere Bedeutung beimisst, ist Peter Wohlleben. Peter Wohlleben ist ein deutscher F\u00f6rster und Autor. Er setzt sich f\u00fcr eine \u00f6kologisch wie \u00f6konomisch nachhaltige Waldwirtschaft ein. \u00dcber ihn konnten wir j\u00fcngst im SPIEGEL lesen: <\/p>\n\n\n\n<p class=\"has-text-align-center\">Die Biologen Eberhard Fischer und Dorothee Killmann haben zusammen mit dem Pastor Burkhard Leh eine neue Baumart in den Bergregenw\u00e4ldern von Zentralafrika entdeckt \u2013 und sie Carapa wohllebenii genannt, Wohllebens Mahagoni.<\/p>\n\n\n\n<p class=\"has-text-align-center\">Dies geschehe \u00bbzu Ehren von Peter Wohlleben und in Anerkennung seiner Leidenschaft und seines Einsatzes f\u00fcr B\u00e4ume, W\u00e4lder und Naturschutz\u00ab, teilt die Universit\u00e4t Koblenz-Landau mit.<\/p>\n\n\n\n<div data-wp-interactive=\"core\/file\" class=\"wp-block-file\"><object data-wp-bind--hidden=\"!state.hasPdfPreview\" hidden class=\"wp-block-file__embed\" data=\"https:\/\/xn--keinwaldfrwind-osb.de\/wp-content\/uploads\/2023\/07\/Wald_Peter-Wohlleben.pdf\" type=\"application\/pdf\" style=\"width:100%;height:600px\" aria-label=\"Einbettung von Wald_Peter Wohlleben.\"><\/object><a id=\"wp-block-file--media-3c57ff90-dda7-4b08-8246-93a31bf7de64\" href=\"https:\/\/xn--keinwaldfrwind-osb.de\/wp-content\/uploads\/2023\/07\/Wald_Peter-Wohlleben.pdf\">Wald_Peter Wohlleben<\/a><\/div>\n","protected":false},"excerpt":{"rendered":"<p>Mit &#8218;Repowering&#8216; wird eine Vorgehensweise bezeichnet, die nicht immer nur auf weiteren Verbrauch neuer Fl\u00e4chen setzt, sondern auf eine intelligente Nutzung der bereits f\u00fcr die Energiegewinnung \u00fcberbauten Fl\u00e4chen: Alte Windenergieanlagen werden durch neue, leistungsf\u00e4higere Anlagen ersetzt. Auf diese Weise wird pro Quadratmeter mehr Windstrom erzeugt und im g\u00fcnstigsten Fall kann der Natur sogar Fl\u00e4che zur\u00fcck [&hellip;]<\/p>\n","protected":false},"author":4,"featured_media":0,"parent":0,"menu_order":0,"comment_status":"closed","ping_status":"closed","template":"","meta":{"footnotes":""},"class_list":["post-96","page","type-page","status-publish","hentry"],"_links":{"self":[{"href":"https:\/\/xn--keinwaldfrwind-osb.de\/index.php?rest_route=\/wp\/v2\/pages\/96","targetHints":{"allow":["GET"]}}],"collection":[{"href":"https:\/\/xn--keinwaldfrwind-osb.de\/index.php?rest_route=\/wp\/v2\/pages"}],"about":[{"href":"https:\/\/xn--keinwaldfrwind-osb.de\/index.php?rest_route=\/wp\/v2\/types\/page"}],"author":[{"embeddable":true,"href":"https:\/\/xn--keinwaldfrwind-osb.de\/index.php?rest_route=\/wp\/v2\/users\/4"}],"replies":[{"embeddable":true,"href":"https:\/\/xn--keinwaldfrwind-osb.de\/index.php?rest_route=%2Fwp%2Fv2%2Fcomments&post=96"}],"version-history":[{"count":6,"href":"https:\/\/xn--keinwaldfrwind-osb.de\/index.php?rest_route=\/wp\/v2\/pages\/96\/revisions"}],"predecessor-version":[{"id":209,"href":"https:\/\/xn--keinwaldfrwind-osb.de\/index.php?rest_route=\/wp\/v2\/pages\/96\/revisions\/209"}],"wp:attachment":[{"href":"https:\/\/xn--keinwaldfrwind-osb.de\/index.php?rest_route=%2Fwp%2Fv2%2Fmedia&parent=96"}],"curies":[{"name":"wp","href":"https:\/\/api.w.org\/{rel}","templated":true}]}}